{"id":8,"date":"2019-03-06T23:34:31","date_gmt":"2019-03-06T23:34:31","guid":{"rendered":"http:\/\/kevy2.saucissekevy.com\/wordpress\/?page_id=8"},"modified":"2019-03-12T16:42:31","modified_gmt":"2019-03-12T16:42:31","slug":"accueil","status":"publish","type":"page","link":"https:\/\/saucissekevy.com\/","title":{"rendered":"Bienvenue"},"content":{"rendered":"<h1 class=\"p1\"><img decoding=\"async\" loading=\"lazy\" class=\"alignnone size-medium wp-image-251\" src=\"http:\/\/saucissekevy.com\/wordpress\/wp-content\/uploads\/2016\/12\/cropped-logo-1-300x190.png\" alt=\"\" width=\"300\" height=\"190\" srcset=\"https:\/\/saucissekevy.com\/wordpress\/wp-content\/uploads\/2016\/12\/cropped-logo-1-300x190.png 300w, https:\/\/saucissekevy.com\/wordpress\/wp-content\/uploads\/2016\/12\/cropped-logo-1-350x222.png 350w, https:\/\/saucissekevy.com\/wordpress\/wp-content\/uploads\/2016\/12\/cropped-logo-1.png 395w\" sizes=\"(max-width: 300px) 100vw, 300px\" \/><\/h1>\n<h1 class=\"p1\"><em><span class=\"s1\">Q<\/span><span class=\"s2\">ualit\u00e9, sant\u00e9, bon go\u00fbt et service. C&#8217;est ce qui vous attend chez K\u00e9vy.<\/span><\/em><\/h1>\n","protected":false},"excerpt":{"rendered":"<p>Qualit\u00e9, sant\u00e9, bon go\u00fbt et service. C&#8217;est ce qui vous attend chez K\u00e9vy.<\/p>\n","protected":false},"author":1,"featured_media":0,"parent":0,"menu_order":0,"comment_status":"closed","ping_status":"closed","template":"","meta":{"footnotes":""},"_links":{"self":[{"href":"https:\/\/saucissekevy.com\/index.php?rest_route=\/wp\/v2\/pages\/8"}],"collection":[{"href":"https:\/\/saucissekevy.com\/index.php?rest_route=\/wp\/v2\/pages"}],"about":[{"href":"https:\/\/saucissekevy.com\/index.php?rest_route=\/wp\/v2\/types\/page"}],"author":[{"embeddable":true,"href":"https:\/\/saucissekevy.com\/index.php?rest_route=\/wp\/v2\/users\/1"}],"replies":[{"embeddable":true,"href":"https:\/\/saucissekevy.com\/index.php?rest_route=%2Fwp%2Fv2%2Fcomments&post=8"}],"version-history":[{"count":19,"href":"https:\/\/saucissekevy.com\/index.php?rest_route=\/wp\/v2\/pages\/8\/revisions"}],"predecessor-version":[{"id":511,"href":"https:\/\/saucissekevy.com\/index.php?rest_route=\/wp\/v2\/pages\/8\/revisions\/511"}],"wp:attachment":[{"href":"https:\/\/saucissekevy.com\/index.php?rest_route=%2Fwp%2Fv2%2Fmedia&parent=8"}],"curies":[{"name":"wp","href":"https:\/\/api.w.org\/{rel}","templated":true}]}}