{"id":105,"date":"2016-12-19T21:13:51","date_gmt":"2016-12-19T21:13:51","guid":{"rendered":"http:\/\/kevy2.saucissekevy.com\/wordpress\/?page_id=105"},"modified":"2019-04-08T17:18:14","modified_gmt":"2019-04-08T17:18:14","slug":"historique","status":"publish","type":"page","link":"https:\/\/saucissekevy.com\/?page_id=105","title":{"rendered":"historique"},"content":{"rendered":"<p class=\"p1\"><span class=\"s1\"> <img decoding=\"async\" loading=\"lazy\" class=\"alignnone size-full wp-image-149\" src=\"https:\/\/saucissekevy.com\/wordpress\/wp-content\/uploads\/2016\/12\/9k.jpg\" alt=\"\" width=\"200\" height=\"155\" \/><\/span><\/p>\n<p>Depuis plus de trente\u00a0ans, les entreprises K\u00e9vy travaillent \u00e0 d\u00e9velopper une gamme de saucisses tout \u00e0 fait unique en son genre. Ayant comme priorit\u00e9 &#8220;la sant\u00e9&#8221;, l&#8217;entreprise a vite fait de se d\u00e9marquer de la comp\u00e9tition et offre aujourd&#8217;hui, un produit de tr\u00e8s haute qualit\u00e9. <strong>Sans boyau, sans G.M.S. et sans nitrite de sodium.<\/strong>.., il va sans dire qu&#8217;avec K\u00e9vy, la nature est dans votre assiette!<\/p>\n<p class=\"p2\"><!--more--><\/p>\n","protected":false},"excerpt":{"rendered":"<p>Depuis plus de trente\u00a0ans, les entreprises K\u00e9vy travaillent \u00e0 d\u00e9velopper une gamme de saucisses tout \u00e0 fait unique en son genre. Ayant comme priorit\u00e9 &#8220;la sant\u00e9&#8221;, l&#8217;entreprise a vite fait de se d\u00e9marquer de la comp\u00e9tition et offre aujourd&#8217;hui, un produit de tr\u00e8s haute qualit\u00e9. Sans boyau, sans G.M.S. et sans nitrite de sodium&#8230;, il &hellip; <\/p>\n<p class=\"link-more\"><a href=\"https:\/\/saucissekevy.com\/?page_id=105\" class=\"more-link\">Continuer la lecture<span class=\"screen-reader-text\"> de &laquo;&nbsp;historique&nbsp;&raquo;<\/span><\/a><\/p>\n","protected":false},"author":1,"featured_media":0,"parent":8,"menu_order":0,"comment_status":"closed","ping_status":"closed","template":"","meta":{"footnotes":""},"_links":{"self":[{"href":"https:\/\/saucissekevy.com\/index.php?rest_route=\/wp\/v2\/pages\/105"}],"collection":[{"href":"https:\/\/saucissekevy.com\/index.php?rest_route=\/wp\/v2\/pages"}],"about":[{"href":"https:\/\/saucissekevy.com\/index.php?rest_route=\/wp\/v2\/types\/page"}],"author":[{"embeddable":true,"href":"https:\/\/saucissekevy.com\/index.php?rest_route=\/wp\/v2\/users\/1"}],"replies":[{"embeddable":true,"href":"https:\/\/saucissekevy.com\/index.php?rest_route=%2Fwp%2Fv2%2Fcomments&post=105"}],"version-history":[{"count":21,"href":"https:\/\/saucissekevy.com\/index.php?rest_route=\/wp\/v2\/pages\/105\/revisions"}],"predecessor-version":[{"id":534,"href":"https:\/\/saucissekevy.com\/index.php?rest_route=\/wp\/v2\/pages\/105\/revisions\/534"}],"up":[{"embeddable":true,"href":"https:\/\/saucissekevy.com\/index.php?rest_route=\/wp\/v2\/pages\/8"}],"wp:attachment":[{"href":"https:\/\/saucissekevy.com\/index.php?rest_route=%2Fwp%2Fv2%2Fmedia&parent=105"}],"curies":[{"name":"wp","href":"https:\/\/api.w.org\/{rel}","templated":true}]}}